{"id":19,"date":"2013-10-26T17:10:14","date_gmt":"2013-10-26T17:10:14","guid":{"rendered":"http:\/\/vierra.themenesia.com\/?page_id=19"},"modified":"2019-03-27T15:18:26","modified_gmt":"2019-03-27T15:18:26","slug":"contacto","status":"publish","type":"page","link":"https:\/\/www.elquimista.cl\/en\/contacto\/","title":{"rendered":"Contact Us"},"content":{"rendered":"<div id=\"elqui-3013639590\" class=\"elqui-antes-del-contenido elqui-entity-placement\"><div style=\"background-color: #fc9393; color: #fff; font-size: 15px; text-align: center;\">\r\n\t<p>Para reservar alguna de nuestras caba\u00f1as, h\u00e1zlo siempre a trav\u00e9s de nuestro sitio web.<br> \r\n\tNUNCA te pediremos dep\u00f3sitos o informaci\u00f3n a trav\u00e9s de INSTAGRAM u otras plataformas.\r\n\t<\/p>\r\n<\/div><\/div>","protected":false},"excerpt":{"rendered":"","protected":false},"author":1,"featured_media":0,"parent":0,"menu_order":6,"comment_status":"open","ping_status":"closed","template":"page_contact.php","meta":{"footnotes":""},"class_list":["post-19","page","type-page","status-publish","hentry"],"_links":{"self":[{"href":"https:\/\/www.elquimista.cl\/en\/wp-json\/wp\/v2\/pages\/19","targetHints":{"allow":["GET"]}}],"collection":[{"href":"https:\/\/www.elquimista.cl\/en\/wp-json\/wp\/v2\/pages"}],"about":[{"href":"https:\/\/www.elquimista.cl\/en\/wp-json\/wp\/v2\/types\/page"}],"author":[{"embeddable":true,"href":"https:\/\/www.elquimista.cl\/en\/wp-json\/wp\/v2\/users\/1"}],"replies":[{"embeddable":true,"href":"https:\/\/www.elquimista.cl\/en\/wp-json\/wp\/v2\/comments?post=19"}],"version-history":[{"count":1,"href":"https:\/\/www.elquimista.cl\/en\/wp-json\/wp\/v2\/pages\/19\/revisions"}],"predecessor-version":[{"id":733,"href":"https:\/\/www.elquimista.cl\/en\/wp-json\/wp\/v2\/pages\/19\/revisions\/733"}],"wp:attachment":[{"href":"https:\/\/www.elquimista.cl\/en\/wp-json\/wp\/v2\/media?parent=19"}],"curies":[{"name":"wp","href":"https:\/\/api.w.org\/{rel}","templated":true}]}}