{"id":240,"date":"2014-01-29T16:48:41","date_gmt":"2014-01-29T16:48:41","guid":{"rendered":"http:\/\/vierra.themenesia.com\/?page_id=240"},"modified":"2019-04-03T18:50:52","modified_gmt":"2019-04-03T18:50:52","slug":"testimonial","status":"publish","type":"page","link":"https:\/\/www.elquimista.cl\/?page_id=240","title":{"rendered":"Testimonios"},"content":{"rendered":"<p><h3 class=\"de_title\"><span>Testimonios<\/span><\/h3><div class=\"col-md-9\"><div class=\"de_testi\">\r\n\t\t<blockquote><p>La vista de las instalaciones da al valle y se puede disfrutar de un magnifico cielo estrellado. La tranquilidad invita al relajo y al descanso. Es un lugar perfecto para desconectarse y recuperar energias.<p><\/blockquote>\r\n\t\t<div class=\"de_testi_by\">\r\n\t\t<div class=\"de_testi_pic\">\r\n\t\t<img decoding=\"async\" src=\"https:\/\/www.elquimista.cl\/wp-content\/themes\/vierra\/images\/testi-default.jpg\" alt=\"\" class=\"img-circle\">\r\n\t\t<\/div>\r\n\t\t<div class=\"de_testi_company\">\r\n\t\t<strong><\/strong>, \r\n\t\t<\/div>\r\n\t\t<\/div>\r\n\t\t<\/div>\n<\/div>\n<div class=\"col-md-3\"><div class=\"de_testi\">\r\n\t\t<blockquote><p>La vista, el balc\u00f3n, la cama, el canto de las aves, la tranquiliad.<p><\/blockquote>\r\n\t\t<div class=\"de_testi_by\">\r\n\t\t<div class=\"de_testi_pic\">\r\n\t\t<img decoding=\"async\" src=\"https:\/\/www.elquimista.cl\/wp-content\/themes\/vierra\/images\/testi-default.jpg\" alt=\"\" class=\"img-circle\">\r\n\t\t<\/div>\r\n\t\t<div class=\"de_testi_company\">\r\n\t\t<strong><\/strong>, \r\n\t\t<\/div>\r\n\t\t<\/div>\r\n\t\t<\/div><\/div>\n<div class=\"\"><div class=\"de_divider div-single\"><span><\/span><\/div><\/div>\n<div class=\"col-md-4\">\n<div class=\"de_testi\">\r\n\t\t<blockquote><p>Un sitio fant\u00e1stico. Todo. Las caba\u00f1as, las piscinas, los pisco sours, las vistas, la ubicaci\u00f3n .... Gracias, Antonia, por unos espl\u00e9ndidos d\u00edas de descanso !!<p><\/blockquote>\r\n\t\t<div class=\"de_testi_by\">\r\n\t\t<div class=\"de_testi_pic\">\r\n\t\t<img decoding=\"async\" src=\"https:\/\/www.elquimista.cl\/wp-content\/themes\/vierra\/images\/testi-default.jpg\" alt=\"\" class=\"img-circle\">\r\n\t\t<\/div>\r\n\t\t<div class=\"de_testi_company\">\r\n\t\t<strong><\/strong>, \r\n\t\t<\/div>\r\n\t\t<\/div>\r\n\t\t<\/div>\n<\/div>\n<div class=\"col-md-4\">\n<div class=\"de_testi\">\r\n\t\t<blockquote><p>El lugar es simplemente maravilloso, 100% recomendable. Constanza explica todo perfecto y recomienda lugares imperdibles. No sabr\u00eda qu\u00e9 destacar por sobre el resto, ba\u00f1o excelente, terraza excelente, piscina excelente, lugar excelente, todo excelente.<p><\/blockquote>\r\n\t\t<div class=\"de_testi_by\">\r\n\t\t<div class=\"de_testi_pic\">\r\n\t\t<img decoding=\"async\" src=\"https:\/\/www.elquimista.cl\/wp-content\/themes\/vierra\/images\/testi-default.jpg\" alt=\"\" class=\"img-circle\">\r\n\t\t<\/div>\r\n\t\t<div class=\"de_testi_company\">\r\n\t\t<strong><\/strong>, \r\n\t\t<\/div>\r\n\t\t<\/div>\r\n\t\t<\/div>\n<\/div>\n<div class=\"col-md-4\">\n<div class=\"de_testi\">\r\n\t\t<blockquote><p>Es un lugar encantador, un paisaje hermoso, y las noches son maravillosas.<p><\/blockquote>\r\n\t\t<div class=\"de_testi_by\">\r\n\t\t<div class=\"de_testi_pic\">\r\n\t\t<img decoding=\"async\" src=\"https:\/\/www.elquimista.cl\/wp-content\/themes\/vierra\/images\/testi-default.jpg\" alt=\"\" class=\"img-circle\">\r\n\t\t<\/div>\r\n\t\t<div class=\"de_testi_company\">\r\n\t\t<strong><\/strong>, \r\n\t\t<\/div>\r\n\t\t<\/div>\r\n\t\t<\/div>\n<\/div>\n<p><div class=\"\"><div class=\"de_divider div-single\"><span><\/span><\/div><\/div><\/p>","protected":false},"excerpt":{"rendered":"","protected":false},"author":1,"featured_media":0,"parent":0,"menu_order":4,"comment_status":"open","ping_status":"closed","template":"","meta":{"footnotes":""},"class_list":["post-240","page","type-page","status-publish","hentry"],"_links":{"self":[{"href":"https:\/\/www.elquimista.cl\/index.php?rest_route=\/wp\/v2\/pages\/240","targetHints":{"allow":["GET"]}}],"collection":[{"href":"https:\/\/www.elquimista.cl\/index.php?rest_route=\/wp\/v2\/pages"}],"about":[{"href":"https:\/\/www.elquimista.cl\/index.php?rest_route=\/wp\/v2\/types\/page"}],"author":[{"embeddable":true,"href":"https:\/\/www.elquimista.cl\/index.php?rest_route=\/wp\/v2\/users\/1"}],"replies":[{"embeddable":true,"href":"https:\/\/www.elquimista.cl\/index.php?rest_route=%2Fwp%2Fv2%2Fcomments&post=240"}],"version-history":[{"count":33,"href":"https:\/\/www.elquimista.cl\/index.php?rest_route=\/wp\/v2\/pages\/240\/revisions"}],"predecessor-version":[{"id":1106,"href":"https:\/\/www.elquimista.cl\/index.php?rest_route=\/wp\/v2\/pages\/240\/revisions\/1106"}],"wp:attachment":[{"href":"https:\/\/www.elquimista.cl\/index.php?rest_route=%2Fwp%2Fv2%2Fmedia&parent=240"}],"curies":[{"name":"wp","href":"https:\/\/api.w.org\/{rel}","templated":true}]}}