{"id":701,"date":"2019-03-26T02:36:21","date_gmt":"2019-03-26T02:36:21","guid":{"rendered":"https:\/\/www.elquimista.cl\/?page_id=701"},"modified":"2024-08-30T21:55:24","modified_gmt":"2024-08-30T21:55:24","slug":"elquimista","status":"publish","type":"page","link":"https:\/\/www.elquimista.cl\/?page_id=701","title":{"rendered":"Elquimista"},"content":{"rendered":"\t\t<div data-elementor-type=\"wp-page\" data-elementor-id=\"701\" class=\"elementor elementor-701\">\n\t\t\t\t\t\t<section class=\"elementor-section elementor-top-section elementor-element elementor-element-3ff2d2d elementor-section-boxed elementor-section-height-default elementor-section-height-default\" data-id=\"3ff2d2d\" data-element_type=\"section\" data-e-type=\"section\">\n\t\t\t\t\t\t<div class=\"elementor-container elementor-column-gap-default\">\n\t\t\t\t\t<div class=\"elementor-column elementor-col-100 elementor-top-column elementor-element elementor-element-2bb64c38\" data-id=\"2bb64c38\" data-element_type=\"column\" data-e-type=\"column\">\n\t\t\t<div class=\"elementor-widget-wrap elementor-element-populated\">\n\t\t\t\t\t\t<div class=\"elementor-element elementor-element-804c083 elementor-widget elementor-widget-text-editor\" data-id=\"804c083\" data-element_type=\"widget\" data-e-type=\"widget\" data-widget_type=\"text-editor.default\">\n\t\t\t\t<div class=\"elementor-widget-container\">\n\t\t\t\t\t\t\t\t\t<p><\/p><h2>Caba\u00f1as Elquimista<\/h2><p>\u00a0<\/p><p><img fetchpriority=\"high\" decoding=\"async\" class=\"alignnone wp-image-713 size-full\" src=\"https:\/\/www.elquimista.cl\/wp-content\/uploads\/2019\/03\/portada-Elquimista2.jpg\" alt=\"\" width=\"1800\" height=\"600\" srcset=\"https:\/\/www.elquimista.cl\/wp-content\/uploads\/2019\/03\/portada-Elquimista2.jpg 1800w, https:\/\/www.elquimista.cl\/wp-content\/uploads\/2019\/03\/portada-Elquimista2-300x100.jpg 300w, https:\/\/www.elquimista.cl\/wp-content\/uploads\/2019\/03\/portada-Elquimista2-768x256.jpg 768w, https:\/\/www.elquimista.cl\/wp-content\/uploads\/2019\/03\/portada-Elquimista2-1024x341.jpg 1024w, https:\/\/www.elquimista.cl\/wp-content\/uploads\/2019\/03\/portada-Elquimista2-3x1.jpg 3w\" sizes=\"(max-width: 1800px) 100vw, 1800px\" \/><\/p><p>\u00a0<\/p><p><span class=\"s6\">Elquimista es un hermoso refugio, situado en Pisco Elqui, comuna Paihuano, Cuarta Regi\u00f3n de Chile. Sus <\/span><span class=\"s8\">caba\u00f1as<\/span><span class=\"s6\"> est\u00e1n completamente equipadas construidas con materiales naturales como adobe, piedra y maderas nativas de Chile. Al entrar a sus exclusivas caba\u00f1as te puedes sentir como en tu propia casa con todas las comodidades que necesitas; ropa de cama de primera calidad, muebles antiguos y otr<\/span><span class=\"s6\">os hechos a mano mezclando lo r\u00fa<\/span><span class=\"s6\">stico con espacios de dise\u00f1o. La mayor\u00eda cuenta con cocinas totalmente equipadas y terrazas con vistas espectacula<\/span><span class=\"s6\">res. Las caba\u00f1as est\u00e1n distribui<\/span><span class=\"s6\">das \u00a0entre \u00a0\u00e1rbole<\/span><span class=\"s6\">s frutales y hermosos jardines. <\/span><\/p><p class=\"s12\"><span class=\"s6\">Caba\u00f1as Elquimista cuenta con dos <\/span><span class=\"s6\">piscinas grandes con agua salada para disfrutar y descansar.<\/span><\/p><p class=\"s12\"><span class=\"s6\">Por las condiciones geogr\u00e1ficas del lugar Caba\u00f1as Elquimista no esta habilitado para recibir a personas y tercera edad que tengan dificultad para trasladarse.<\/span><\/p><h2>\u00a0<\/h2><h2>Tarifas<\/h2><p><strong>Temporada Alta Plus<\/strong> :<\/p><p>-Caba\u00f1as para 4 personas a $130.000 pesos por noche.<\/p><p>-Caba\u00f1as para 6\/7 personas desde $140.000 a $170.000 pesos por noche.<br \/>Todos los feriados , fines de semana largos\u00a0y vacaciones.<\/p><p>\u00a0<\/p><p><strong>Temporada Baja<\/strong><\/p><p>&#8211; Caba\u00f1as para 2 personas desde $60.000 a $140.000 pesos por noche<br \/>&#8211; Caba\u00f1as para 4 personas a \u00a0$100.000<br \/>&#8211; Caba\u00f1as para 6\/7 personas desde $110.000 a $130.000<\/p><p><strong>Temporada Alta<\/strong><\/p><p>&#8211; Caba\u00f1as para 2 personas desde $70.000 a $140.000<br \/>&#8211; Caba\u00f1as para 4 personas \u00a0$120.000<br \/>&#8211; Caba\u00f1as para 6\/7 personas desde $125.000 a $150.000<\/p><p>\u00a0<\/p><h4>S\u00edguenos&#8230;<\/h4><p>\u00a0<\/p><p><a href=\"https:\/\/www.facebook.com\/stories\/406053529901559\/UzpfSVNDOjM0NjE3MTg1NjcyMDQyMTU=\/\"><i class=\"de_icon fa fa-facebook circle medium\" style=\"background:#555555; color:#FFFFFF;border:solid 1px #555555\"><\/i>\u00a0<\/a><a href=\"https:\/\/www.instagram.com\/elquimista_\/\"><i class=\"de_icon fa fa-instagram circle medium\" style=\"background:#555555; color:#FFFFFF;border:solid 1px #555555\"><\/i><\/a><\/p>\t\t\t\t\t\t\t\t<\/div>\n\t\t\t\t<\/div>\n\t\t\t\t\t<\/div>\n\t\t<\/div>\n\t\t\t\t\t<\/div>\n\t\t<\/section>\n\t\t\t\t<\/div>\n\t\t","protected":false},"excerpt":{"rendered":"<p>Caba\u00f1as Elquimista \u00a0 \u00a0 Elquimista es un hermoso refugio, situado en Pisco Elqui, comuna Paihuano, Cuarta Regi\u00f3n de Chile. Sus caba\u00f1as est\u00e1n completamente equipadas construidas con materiales naturales como adobe, piedra y maderas nativas de Chile. Al entrar a sus exclusivas caba\u00f1as te puedes sentir como en tu propia casa con todas las comodidades que [&hellip;]<\/p>\n","protected":false},"author":1,"featured_media":0,"parent":0,"menu_order":1,"comment_status":"closed","ping_status":"closed","template":"","meta":{"footnotes":""},"class_list":["post-701","page","type-page","status-publish","hentry"],"_links":{"self":[{"href":"https:\/\/www.elquimista.cl\/index.php?rest_route=\/wp\/v2\/pages\/701","targetHints":{"allow":["GET"]}}],"collection":[{"href":"https:\/\/www.elquimista.cl\/index.php?rest_route=\/wp\/v2\/pages"}],"about":[{"href":"https:\/\/www.elquimista.cl\/index.php?rest_route=\/wp\/v2\/types\/page"}],"author":[{"embeddable":true,"href":"https:\/\/www.elquimista.cl\/index.php?rest_route=\/wp\/v2\/users\/1"}],"replies":[{"embeddable":true,"href":"https:\/\/www.elquimista.cl\/index.php?rest_route=%2Fwp%2Fv2%2Fcomments&post=701"}],"version-history":[{"count":41,"href":"https:\/\/www.elquimista.cl\/index.php?rest_route=\/wp\/v2\/pages\/701\/revisions"}],"predecessor-version":[{"id":1411,"href":"https:\/\/www.elquimista.cl\/index.php?rest_route=\/wp\/v2\/pages\/701\/revisions\/1411"}],"wp:attachment":[{"href":"https:\/\/www.elquimista.cl\/index.php?rest_route=%2Fwp%2Fv2%2Fmedia&parent=701"}],"curies":[{"name":"wp","href":"https:\/\/api.w.org\/{rel}","templated":true}]}}