{"id":9,"date":"2013-10-26T17:07:53","date_gmt":"2013-10-26T17:07:53","guid":{"rendered":"http:\/\/vierra.themenesia.com\/?page_id=9"},"modified":"2023-03-20T18:20:57","modified_gmt":"2023-03-20T18:20:57","slug":"cabanas","status":"publish","type":"page","link":"https:\/\/www.elquimista.cl\/?page_id=9","title":{"rendered":"Caba\u00f1as"},"content":{"rendered":"<p><\/p>\n<div class=\"row\">\n<div class=\"col-md-6\">\n<h3>CABA\u00d1AS ELQUIMISTA<\/h3>\n<p><img decoding=\"async\" class=\"alignnone size-gallery-thumbnail wp-image-704\" src=\"https:\/\/www.elquimista.cl\/wp-content\/uploads\/2019\/03\/IMG_1659-e1553575434555-600x328.jpg\" alt=\"\" width=\"100%\" srcset=\"https:\/\/www.elquimista.cl\/wp-content\/uploads\/2019\/03\/IMG_1659-e1553575434555-600x328.jpg 600w, https:\/\/www.elquimista.cl\/wp-content\/uploads\/2019\/03\/IMG_1659-e1553575434555-2x1.jpg 2w\" sizes=\"(max-width: 600px) 100vw, 600px\" \/><\/p>\n<p><span class=\"s6\">En <\/span><span class=\"s6\">caba\u00f1as <\/span><span class=\"s6\">Elquimista <\/span><span class=\"s6\">,ubicado solo a 10 minutos caminando de la plaza de Pisco Elqui, <\/span><span class=\"s6\">encon<\/span><span class=\"s6\">trar\u00e1s nueve exclusivas caba\u00f1as<\/span><span class=\"s6\">,<\/span> <span class=\"s6\">que te har\u00e1n sentir como en tu hogar. En la mayor\u00eda de ellas podr\u00e1s cocinar o disfrutar de un asado en las terrazas privadas que cada caba\u00f1a posee. Contamos con d<\/span><span class=\"s6\">os piscinas con agua salada en com\u00fan, jardines <\/span><span class=\"s6\">y maravillosas vistas\u2026.simplemente lo mejor de Pisco Elqui.<\/span><\/p>\n<p>No incluye desayuno.<\/p>\n<\/div>\n<div class=\"col-md-6\">\n<h3>SERVICIOS<\/h3>\n<p>Concepto familiar.<br \/>\nParking gratis.<br \/>\nTerrazas.<br \/>\nJard\u00edn.<br \/>\nVistas al Valle.<br \/>\nDos Piscinas al aire libre \u00a0de agua fr\u00eda.<br \/>\nZonas WiFi gratis<\/p>\n<h3>HORARIOS<\/h3>\n<p>Check in es desde las 15:00 horas y hasta las 22:00 horas<br \/>\nCheck out a las 11:00 horas.<\/p>\n<h3>INFORMACI\u00d3N ADICIONAL<\/h3>\n<p>Para ser amigables con el medio ambiente no cambiamos sabanas ni toallas todos los d\u00edas.<br \/>\nNo contamos con servicio de aseo diario (si es una reserva de mas de 4 d\u00edas se coordina al llegar).<\/p>\n<p>Hay conexi\u00f3n a Internet en nuestra zona WIFI en sector piscinas. Dependemos de la antena de celular, por lo que puede interrumpirse, caerse, o no haber se\u00f1al en \u00e9pocas de alto tr\u00e1fico en las antenas m\u00f3viles.<\/p>\n<p>Las instalaciones de las caba\u00f1as solo podr\u00e1n ser utilizadas por pasajeros hospedados.<br \/>\nNo se aceptan mascotas.<\/p>\n<p>No se aceptan grupos de m\u00e1s de 7 personas. ( aunque arrienden varias caba\u00f1as).<\/p>\n<\/div>\n<\/div>\n<p><\/p>","protected":false},"excerpt":{"rendered":"<p>CABA\u00d1AS ELQUIMISTA En caba\u00f1as Elquimista ,ubicado solo a 10 minutos caminando de la plaza de Pisco Elqui, encontrar\u00e1s nueve exclusivas caba\u00f1as, que te har\u00e1n sentir como en tu hogar. En la mayor\u00eda de ellas podr\u00e1s cocinar o disfrutar de un asado en las terrazas privadas que cada caba\u00f1a posee. Contamos con dos piscinas con agua [&hellip;]<\/p>\n","protected":false},"author":1,"featured_media":0,"parent":0,"menu_order":2,"comment_status":"open","ping_status":"closed","template":"page_rooms_two_columns.php","meta":{"footnotes":""},"class_list":["post-9","page","type-page","status-publish","hentry"],"_links":{"self":[{"href":"https:\/\/www.elquimista.cl\/index.php?rest_route=\/wp\/v2\/pages\/9","targetHints":{"allow":["GET"]}}],"collection":[{"href":"https:\/\/www.elquimista.cl\/index.php?rest_route=\/wp\/v2\/pages"}],"about":[{"href":"https:\/\/www.elquimista.cl\/index.php?rest_route=\/wp\/v2\/types\/page"}],"author":[{"embeddable":true,"href":"https:\/\/www.elquimista.cl\/index.php?rest_route=\/wp\/v2\/users\/1"}],"replies":[{"embeddable":true,"href":"https:\/\/www.elquimista.cl\/index.php?rest_route=%2Fwp%2Fv2%2Fcomments&post=9"}],"version-history":[{"count":72,"href":"https:\/\/www.elquimista.cl\/index.php?rest_route=\/wp\/v2\/pages\/9\/revisions"}],"predecessor-version":[{"id":1373,"href":"https:\/\/www.elquimista.cl\/index.php?rest_route=\/wp\/v2\/pages\/9\/revisions\/1373"}],"wp:attachment":[{"href":"https:\/\/www.elquimista.cl\/index.php?rest_route=%2Fwp%2Fv2%2Fmedia&parent=9"}],"curies":[{"name":"wp","href":"https:\/\/api.w.org\/{rel}","templated":true}]}}